{"id":52,"date":"2021-11-16T07:34:31","date_gmt":"2021-11-16T07:34:31","guid":{"rendered":"https:\/\/master.dev.loudzap.com\/?page_id=52"},"modified":"2025-03-05T12:38:37","modified_gmt":"2025-03-05T12:38:37","slug":"home","status":"publish","type":"page","link":"https:\/\/groupvsr.dev.loudzap.com\/en\/","title":{"rendered":"Home"},"content":{"rendered":"\t\t<div data-elementor-type=\"wp-page\" data-elementor-id=\"52\" class=\"elementor elementor-52\" data-elementor-post-type=\"page\">\n\t\t\t\t<div class=\"elementor-element elementor-element-3ef8fdbf e-con-full e-flex e-con e-parent\" data-id=\"3ef8fdbf\" data-element_type=\"container\" data-e-type=\"container\" data-settings=\"{&quot;background_background&quot;:&quot;slideshow&quot;,&quot;background_slideshow_gallery&quot;:[{&quot;id&quot;:202,&quot;url&quot;:&quot;https:\\\/\\\/groupvsr.dev.loudzap.com\\\/wp-content\\\/uploads\\\/2025\\\/03\\\/tilt-shift-aerial-view-of-berlin-CXYK2LH.webp&quot;},{&quot;id&quot;:208,&quot;url&quot;:&quot;https:\\\/\\\/groupvsr.dev.loudzap.com\\\/wp-content\\\/uploads\\\/2025\\\/03\\\/view-from-the-height-of-an-industrial-plant-and-a-4H445CB.webp&quot;},{&quot;id&quot;:262,&quot;url&quot;:&quot;https:\\\/\\\/groupvsr.dev.loudzap.com\\\/wp-content\\\/uploads\\\/2025\\\/03\\\/aerial-view-of-city-interchange-in-xi-an-Y6Y3AJJ.webp&quot;},{&quot;id&quot;:272,&quot;url&quot;:&quot;https:\\\/\\\/groupvsr.dev.loudzap.com\\\/wp-content\\\/uploads\\\/2025\\\/03\\\/shanghai-city-2023-V2-PBCEZGC.webp&quot;},{&quot;id&quot;:232,&quot;url&quot;:&quot;https:\\\/\\\/groupvsr.dev.loudzap.com\\\/wp-content\\\/uploads\\\/2025\\\/03\\\/shanghai-city-DGQ45K6.webp&quot;}],&quot;background_slideshow_loop&quot;:&quot;yes&quot;,&quot;background_slideshow_slide_duration&quot;:5000,&quot;background_slideshow_slide_transition&quot;:&quot;fade&quot;,&quot;background_slideshow_transition_duration&quot;:500}\">\n\t\t<div class=\"elementor-element elementor-element-4a043c45 e-con-full e-flex e-con e-child\" data-id=\"4a043c45\" data-element_type=\"container\" data-e-type=\"container\">\n\t\t<div class=\"elementor-element elementor-element-72eb9518 e-con-full e-flex e-con e-child\" data-id=\"72eb9518\" data-element_type=\"container\" data-e-type=\"container\">\n\t\t<div class=\"elementor-element elementor-element-3b3b77ad e-con-full e-flex e-con e-child\" data-id=\"3b3b77ad\" data-element_type=\"container\" data-e-type=\"container\">\n\t\t\t\t<div class=\"elementor-element elementor-element-28c3e615 elementor-widget elementor-widget-heading\" data-id=\"28c3e615\" data-element_type=\"widget\" data-e-type=\"widget\" data-widget_type=\"heading.default\">\n\t\t\t\t<div class=\"elementor-widget-container\">\n\t\t\t\t\t<div class=\"elementor-heading-title elementor-size-default\">Bem-vindo ao site da Group VSR<\/div>\t\t\t\t<\/div>\n\t\t\t\t<\/div>\n\t\t\t\t<\/div>\n\t\t\t\t<div class=\"elementor-element elementor-element-4c6c837e elementor-widget__width-initial elementor-widget elementor-widget-heading\" data-id=\"4c6c837e\" data-element_type=\"widget\" data-e-type=\"widget\" data-widget_type=\"heading.default\">\n\t\t\t\t<div class=\"elementor-widget-container\">\n\t\t\t\t\t<h2 class=\"elementor-heading-title elementor-size-default\">Oferecerecemos excel\u00eancia, sofistica\u00e7\u00e3o e inova\u00e7\u00e3o em cada projeto.<\/h2>\t\t\t\t<\/div>\n\t\t\t\t<\/div>\n\t\t\t\t<div class=\"elementor-element elementor-element-14cd31ac elementor-widget__width-initial elementor-widget elementor-widget-text-editor\" data-id=\"14cd31ac\" data-element_type=\"widget\" data-e-type=\"widget\" data-widget_type=\"text-editor.default\">\n\t\t\t\t<div class=\"elementor-widget-container\">\n\t\t\t\t\t\t\t\t\t<p>Como parceiro estrat\u00e9gico de renomeadas empresas com mais de 30 anos de experi\u00eancia, atuamos nos setores de <strong>Imobili\u00e1ria, Consultoria e Gest\u00e3o de Projetos, Engenharia, Arquitetura, Constru\u00e7\u00e3o Civil e Decora\u00e7\u00e3o de Interiores<\/strong>, proporcionando solu\u00e7\u00f5es exclusivas para clientes que buscam o mais alto padr\u00e3o de qualidade.<\/p>\t\t\t\t\t\t\t\t<\/div>\n\t\t\t\t<\/div>\n\t\t\t\t<div class=\"elementor-element elementor-element-3d211d6e elementor-widget elementor-widget-button\" data-id=\"3d211d6e\" data-element_type=\"widget\" data-e-type=\"widget\" data-widget_type=\"button.default\">\n\t\t\t\t<div class=\"elementor-widget-container\">\n\t\t\t\t\t\t\t\t\t<div class=\"elementor-button-wrapper\">\n\t\t\t\t\t<a class=\"elementor-button elementor-button-link elementor-size-sm\" href=\"https:\/\/groupvsr.dev.loudzap.com\/en\/contactos\/\">\n\t\t\t\t\t\t<span class=\"elementor-button-content-wrapper\">\n\t\t\t\t\t\t\t\t\t<span class=\"elementor-button-text\">Contacte-nos<\/span>\n\t\t\t\t\t<\/span>\n\t\t\t\t\t<\/a>\n\t\t\t\t<\/div>\n\t\t\t\t\t\t\t\t<\/div>\n\t\t\t\t<\/div>\n\t\t\t\t<\/div>\n\t\t<div class=\"elementor-element elementor-element-5f52d7ae e-con-full elementor-hidden-mobile e-flex e-con e-child\" data-id=\"5f52d7ae\" data-element_type=\"container\" data-e-type=\"container\">\n\t\t\t\t<div class=\"elementor-element elementor-element-6844f0a2 elementor-widget__width-initial elementor-widget-tablet__width-auto elementor-widget-mobile__width-inherit elementor-widget elementor-widget-counter\" data-id=\"6844f0a2\" data-element_type=\"widget\" data-e-type=\"widget\" data-widget_type=\"counter.default\">\n\t\t\t\t<div class=\"elementor-widget-container\">\n\t\t\t\t\t\t\t<div class=\"elementor-counter\">\n\t\t\t<div class=\"elementor-counter-title\">Mercados Europeus<\/div>\t\t\t<div class=\"elementor-counter-number-wrapper\">\n\t\t\t\t<span class=\"elementor-counter-number-prefix\"><\/span>\n\t\t\t\t<span class=\"elementor-counter-number\" data-duration=\"2000\" data-to-value=\"3\" data-from-value=\"0\" data-delimiter=\",\">0<\/span>\n\t\t\t\t<span class=\"elementor-counter-number-suffix\"><\/span>\n\t\t\t<\/div>\n\t\t<\/div>\n\t\t\t\t\t\t<\/div>\n\t\t\t\t<\/div>\n\t\t\t\t<div class=\"elementor-element elementor-element-7a6077e4 elementor-widget__width-initial elementor-widget-tablet__width-auto elementor-widget-mobile__width-inherit elementor-widget elementor-widget-counter\" data-id=\"7a6077e4\" data-element_type=\"widget\" data-e-type=\"widget\" data-widget_type=\"counter.default\">\n\t\t\t\t<div class=\"elementor-widget-container\">\n\t\t\t\t\t\t\t<div class=\"elementor-counter\">\n\t\t\t<div class=\"elementor-counter-title\">Anos de Experi\u00eancia<\/div>\t\t\t<div class=\"elementor-counter-number-wrapper\">\n\t\t\t\t<span class=\"elementor-counter-number-prefix\">+<\/span>\n\t\t\t\t<span class=\"elementor-counter-number\" data-duration=\"2000\" data-to-value=\"30\" data-from-value=\"0\" data-delimiter=\",\">0<\/span>\n\t\t\t\t<span class=\"elementor-counter-number-suffix\"><\/span>\n\t\t\t<\/div>\n\t\t<\/div>\n\t\t\t\t\t\t<\/div>\n\t\t\t\t<\/div>\n\t\t\t\t<div class=\"elementor-element elementor-element-61d8c3e8 elementor-widget__width-initial elementor-widget-tablet__width-auto elementor-widget-mobile__width-inherit elementor-widget elementor-widget-counter\" data-id=\"61d8c3e8\" data-element_type=\"widget\" data-e-type=\"widget\" data-widget_type=\"counter.default\">\n\t\t\t\t<div class=\"elementor-widget-container\">\n\t\t\t\t\t\t\t<div class=\"elementor-counter\">\n\t\t\t<div class=\"elementor-counter-title\">Neg\u00f3cios Finalizados<\/div>\t\t\t<div class=\"elementor-counter-number-wrapper\">\n\t\t\t\t<span class=\"elementor-counter-number-prefix\">+<\/span>\n\t\t\t\t<span class=\"elementor-counter-number\" data-duration=\"2000\" data-to-value=\"80\" data-from-value=\"0\" data-delimiter=\",\">0<\/span>\n\t\t\t\t<span class=\"elementor-counter-number-suffix\"><\/span>\n\t\t\t<\/div>\n\t\t<\/div>\n\t\t\t\t\t\t<\/div>\n\t\t\t\t<\/div>\n\t\t\t\t<\/div>\n\t\t\t\t<\/div>\n\t\t<div class=\"elementor-element elementor-element-3a8cca04 e-con-full e-flex e-con e-child\" data-id=\"3a8cca04\" data-element_type=\"container\" data-e-type=\"container\">\n\t\t\t\t<div class=\"elementor-element elementor-element-42224bac elementor-widget__width-auto elementor-widget elementor-widget-heading\" data-id=\"42224bac\" data-element_type=\"widget\" data-e-type=\"widget\" data-widget_type=\"heading.default\">\n\t\t\t\t<div class=\"elementor-widget-container\">\n\t\t\t\t\t<h1 class=\"elementor-heading-title elementor-size-default\">Due Diligence &amp;<br>Design Consulting.<\/h1>\t\t\t\t<\/div>\n\t\t\t\t<\/div>\n\t\t\t\t<\/div>\n\t\t\t\t<\/div>\n\t\t<div class=\"elementor-element elementor-element-7abd231a e-flex e-con-boxed e-con e-parent\" data-id=\"7abd231a\" data-element_type=\"container\" data-e-type=\"container\" data-settings=\"{&quot;background_background&quot;:&quot;classic&quot;}\">\n\t\t\t\t\t<div class=\"e-con-inner\">\n\t\t<div class=\"elementor-element elementor-element-52646663 e-con-full e-flex e-con e-child\" data-id=\"52646663\" data-element_type=\"container\" data-e-type=\"container\">\n\t\t<div class=\"elementor-element elementor-element-21ea3df6 e-con-full e-flex e-con e-child\" data-id=\"21ea3df6\" data-element_type=\"container\" data-e-type=\"container\">\n\t\t<div class=\"elementor-element elementor-element-c296a14 e-con-full e-flex e-con e-child\" data-id=\"c296a14\" data-element_type=\"container\" data-e-type=\"container\">\n\t\t\t\t<div class=\"elementor-element elementor-element-79b2343c elementor-widget elementor-widget-heading\" data-id=\"79b2343c\" data-element_type=\"widget\" data-e-type=\"widget\" data-widget_type=\"heading.default\">\n\t\t\t\t<div class=\"elementor-widget-container\">\n\t\t\t\t\t<div class=\"elementor-heading-title elementor-size-default\">Quem Somos<\/div>\t\t\t\t<\/div>\n\t\t\t\t<\/div>\n\t\t\t\t<\/div>\n\t\t\t\t<div class=\"elementor-element elementor-element-4d10d0b9 elementor-widget__width-initial elementor-widget elementor-widget-heading\" data-id=\"4d10d0b9\" data-element_type=\"widget\" data-e-type=\"widget\" data-widget_type=\"heading.default\">\n\t\t\t\t<div class=\"elementor-widget-container\">\n\t\t\t\t\t<h2 class=\"elementor-heading-title elementor-size-default\">Group VSR - Due Diligence &amp; Design Consulting<\/h2>\t\t\t\t<\/div>\n\t\t\t\t<\/div>\n\t\t\t\t<div class=\"elementor-element elementor-element-725a92fb elementor-widget elementor-widget-text-editor\" data-id=\"725a92fb\" data-element_type=\"widget\" data-e-type=\"widget\" data-widget_type=\"text-editor.default\">\n\t\t\t\t<div class=\"elementor-widget-container\">\n\t\t\t\t\t\t\t\t\t<p>O <b>Group VSR &#8211; Due Diligence &amp; Design Consulting<\/b> nasceu com a miss\u00e3o de oferecer <b>excel\u00eancia, sofistica\u00e7\u00e3o e inova\u00e7\u00e3o<\/b> em cada projeto.<\/p><p>Com uma abordagem vision\u00e1ria e uma execu\u00e7\u00e3o impec\u00e1vel, desenvolvemos projetos que v\u00e3o desde <b>resid\u00eancias de luxo a empreendimentos tur\u00edsticos ic\u00f4nicos<\/b>, passando por <b>design de interiores refinado, carpintaria sob medida e serralharia de alta precis\u00e3o<\/b>. Cada detalhe \u00e9 pensado para harmonizar est\u00e9tica e funcionalidade, criando espa\u00e7os que refletem requinte e sofistica\u00e7\u00e3o.<\/p><p><b>Entre em contato e descubra como transformar sua vis\u00e3o em uma realidade grandiosa.<\/b><\/p>\t\t\t\t\t\t\t\t<\/div>\n\t\t\t\t<\/div>\n\t\t\t\t<\/div>\n\t\t\t\t<div class=\"elementor-element elementor-element-2f6c3d4b elementor-widget elementor-widget-button\" data-id=\"2f6c3d4b\" data-element_type=\"widget\" data-e-type=\"widget\" data-widget_type=\"button.default\">\n\t\t\t\t<div class=\"elementor-widget-container\">\n\t\t\t\t\t\t\t\t\t<div class=\"elementor-button-wrapper\">\n\t\t\t\t\t<a class=\"elementor-button elementor-button-link elementor-size-sm\" href=\"https:\/\/groupvsr.dev.loudzap.com\/en\/contactos\/\">\n\t\t\t\t\t\t<span class=\"elementor-button-content-wrapper\">\n\t\t\t\t\t\t\t\t\t<span class=\"elementor-button-text\">Contacte-nos<\/span>\n\t\t\t\t\t<\/span>\n\t\t\t\t\t<\/a>\n\t\t\t\t<\/div>\n\t\t\t\t\t\t\t\t<\/div>\n\t\t\t\t<\/div>\n\t\t\t\t<div class=\"elementor-element elementor-element-2f69c05b elementor-widget__width-inherit elementor-widget-divider--view-line elementor-widget elementor-widget-divider\" data-id=\"2f69c05b\" data-element_type=\"widget\" data-e-type=\"widget\" data-widget_type=\"divider.default\">\n\t\t\t\t<div class=\"elementor-widget-container\">\n\t\t\t\t\t\t\t<div class=\"elementor-divider\">\n\t\t\t<span class=\"elementor-divider-separator\">\n\t\t\t\t\t\t<\/span>\n\t\t<\/div>\n\t\t\t\t\t\t<\/div>\n\t\t\t\t<\/div>\n\t\t<div class=\"elementor-element elementor-element-7d4e05ab e-con-full e-flex e-con e-child\" data-id=\"7d4e05ab\" data-element_type=\"container\" data-e-type=\"container\">\n\t\t<div class=\"elementor-element elementor-element-41f3338c e-con-full e-flex e-con e-child\" data-id=\"41f3338c\" data-element_type=\"container\" data-e-type=\"container\">\n\t\t\t\t<div class=\"elementor-element elementor-element-5af3d776 elementor-widget__width-initial elementor-widget elementor-widget-heading\" data-id=\"5af3d776\" data-element_type=\"widget\" data-e-type=\"widget\" data-widget_type=\"heading.default\">\n\t\t\t\t<div class=\"elementor-widget-container\">\n\t\t\t\t\t<h4 class=\"elementor-heading-title elementor-size-default\">01<\/h4>\t\t\t\t<\/div>\n\t\t\t\t<\/div>\n\t\t\t\t<div class=\"elementor-element elementor-element-7821e2fb elementor-widget__width-initial elementor-widget elementor-widget-image-box\" data-id=\"7821e2fb\" data-element_type=\"widget\" data-e-type=\"widget\" data-widget_type=\"image-box.default\">\n\t\t\t\t<div class=\"elementor-widget-container\">\n\t\t\t\t\t<div class=\"elementor-image-box-wrapper\"><div class=\"elementor-image-box-content\"><h5 class=\"elementor-image-box-title\">Constru\u00e7\u00e3o Civil<\/h5><p class=\"elementor-image-box-description\">Na \u00e1rea de <strong>Constru\u00e7\u00e3o Civil<\/strong>, garantimos a materializa\u00e7\u00e3o de projetos arquitet\u00f4nicos com os mais altos padr\u00f5es de qualidade, efici\u00eancia e sustentabilidade. Utilizamos materiais nobres, tecnologia de ponta e uma equipe altamente qualificada para transformar conceitos em obras grandiosas e duradouras.<\/p><\/div><\/div>\t\t\t\t<\/div>\n\t\t\t\t<\/div>\n\t\t\t\t<\/div>\n\t\t\t\t<div class=\"elementor-element elementor-element-305dc6f4 elementor-widget-divider--view-line elementor-widget elementor-widget-divider\" data-id=\"305dc6f4\" data-element_type=\"widget\" data-e-type=\"widget\" data-widget_type=\"divider.default\">\n\t\t\t\t<div class=\"elementor-widget-container\">\n\t\t\t\t\t\t\t<div class=\"elementor-divider\">\n\t\t\t<span class=\"elementor-divider-separator\">\n\t\t\t\t\t\t<\/span>\n\t\t<\/div>\n\t\t\t\t\t\t<\/div>\n\t\t\t\t<\/div>\n\t\t<div class=\"elementor-element elementor-element-8b4fcc6 e-con-full e-flex e-con e-child\" data-id=\"8b4fcc6\" data-element_type=\"container\" data-e-type=\"container\">\n\t\t\t\t<div class=\"elementor-element elementor-element-103700de elementor-widget__width-initial elementor-widget elementor-widget-heading\" data-id=\"103700de\" data-element_type=\"widget\" data-e-type=\"widget\" data-widget_type=\"heading.default\">\n\t\t\t\t<div class=\"elementor-widget-container\">\n\t\t\t\t\t<h4 class=\"elementor-heading-title elementor-size-default\">02<\/h4>\t\t\t\t<\/div>\n\t\t\t\t<\/div>\n\t\t\t\t<div class=\"elementor-element elementor-element-6e092604 elementor-widget__width-initial elementor-widget elementor-widget-image-box\" data-id=\"6e092604\" data-element_type=\"widget\" data-e-type=\"widget\" data-widget_type=\"image-box.default\">\n\t\t\t\t<div class=\"elementor-widget-container\">\n\t\t\t\t\t<div class=\"elementor-image-box-wrapper\"><div class=\"elementor-image-box-content\"><h5 class=\"elementor-image-box-title\">Decora\u00e7\u00e3o de Interiores<\/h5><p class=\"elementor-image-box-description\">J\u00e1 na <strong>Decora\u00e7\u00e3o de Interiores<\/strong>, criamos ambientes que transcendem tend\u00eancias, combinando eleg\u00e2ncia, conforto e personalidade. Cada espa\u00e7o \u00e9 projetado para refletir o estilo e a identidade de nossos clientes, resultando em composi\u00e7\u00f5es \u00fanicas e exclusivas.<\/p><\/div><\/div>\t\t\t\t<\/div>\n\t\t\t\t<\/div>\n\t\t\t\t<\/div>\n\t\t\t\t<div class=\"elementor-element elementor-element-60cd03ef elementor-widget-divider--view-line elementor-widget elementor-widget-divider\" data-id=\"60cd03ef\" data-element_type=\"widget\" data-e-type=\"widget\" data-widget_type=\"divider.default\">\n\t\t\t\t<div class=\"elementor-widget-container\">\n\t\t\t\t\t\t\t<div class=\"elementor-divider\">\n\t\t\t<span class=\"elementor-divider-separator\">\n\t\t\t\t\t\t<\/span>\n\t\t<\/div>\n\t\t\t\t\t\t<\/div>\n\t\t\t\t<\/div>\n\t\t<div class=\"elementor-element elementor-element-41c28f86 e-con-full e-flex e-con e-child\" data-id=\"41c28f86\" data-element_type=\"container\" data-e-type=\"container\">\n\t\t\t\t<div class=\"elementor-element elementor-element-26e4109e elementor-widget__width-initial elementor-widget elementor-widget-heading\" data-id=\"26e4109e\" data-element_type=\"widget\" data-e-type=\"widget\" data-widget_type=\"heading.default\">\n\t\t\t\t<div class=\"elementor-widget-container\">\n\t\t\t\t\t<h4 class=\"elementor-heading-title elementor-size-default\">03<\/h4>\t\t\t\t<\/div>\n\t\t\t\t<\/div>\n\t\t\t\t<div class=\"elementor-element elementor-element-5c2bac67 elementor-widget__width-initial elementor-widget elementor-widget-image-box\" data-id=\"5c2bac67\" data-element_type=\"widget\" data-e-type=\"widget\" data-widget_type=\"image-box.default\">\n\t\t\t\t<div class=\"elementor-widget-container\">\n\t\t\t\t\t<div class=\"elementor-image-box-wrapper\"><div class=\"elementor-image-box-content\"><h5 class=\"elementor-image-box-title\">Outros Servi\u00e7os<\/h5><p class=\"elementor-image-box-description\">Combinamos <strong>expertise t\u00e9cnica, design arrojado e um compromisso inabal\u00e1vel com a qualidade<\/strong> para criar ambientes que redefinem o conceito de luxo e sofistica\u00e7\u00e3o.<\/p><\/div><\/div>\t\t\t\t<\/div>\n\t\t\t\t<\/div>\n\t\t\t\t<\/div>\n\t\t\t\t<\/div>\n\t\t<div class=\"elementor-element elementor-element-45aa4499 e-con-full e-flex e-con e-child\" data-id=\"45aa4499\" data-element_type=\"container\" data-e-type=\"container\" data-settings=\"{&quot;background_background&quot;:&quot;classic&quot;}\">\n\t\t\t\t<div class=\"elementor-element elementor-element-7bde7c8b elementor-widget-divider--view-line_text elementor-widget-divider--element-align-right elementor-widget elementor-widget-divider\" data-id=\"7bde7c8b\" data-element_type=\"widget\" data-e-type=\"widget\" data-widget_type=\"divider.default\">\n\t\t\t\t<div class=\"elementor-widget-container\">\n\t\t\t\t\t\t\t<div class=\"elementor-divider\">\n\t\t\t<span class=\"elementor-divider-separator\">\n\t\t\t\t\t\t\t<h4 class=\"elementor-divider__text elementor-divider__element\">\n\t\t\t\tGroup VSR - Andorra\t\t\t\t<\/h4>\n\t\t\t\t\t\t<\/span>\n\t\t<\/div>\n\t\t\t\t\t\t<\/div>\n\t\t\t\t<\/div>\n\t\t\t\t<\/div>\n\t\t\t\t<\/div>\n\t\t\t\t\t<\/div>\n\t\t\t\t<\/div>\n\t\t\t\t<\/div>\n\t\t","protected":false},"excerpt":{"rendered":"<p>Bem-vindo ao site da Group VSR Oferecerecemos excel\u00eancia, sofistica\u00e7\u00e3o e inova\u00e7\u00e3o em cada projeto. Como parceiro estrat\u00e9gico de renomeadas empresas com mais de 30 anos de experi\u00eancia, atuamos nos setores de Imobili\u00e1ria, Consultoria e Gest\u00e3o de Projetos, Engenharia, Arquitetura, Constru\u00e7\u00e3o Civil e Decora\u00e7\u00e3o de Interiores, proporcionando solu\u00e7\u00f5es exclusivas para clientes que buscam o mais alto [&hellip;]<\/p>\n","protected":false},"author":4,"featured_media":0,"parent":0,"menu_order":0,"comment_status":"closed","ping_status":"closed","template":"","meta":{"_seopress_robots_primary_cat":"","_seopress_titles_title":"","_seopress_titles_desc":"","_seopress_robots_index":"","footnotes":""},"class_list":["post-52","page","type-page","status-publish","hentry"],"_links":{"self":[{"href":"https:\/\/groupvsr.dev.loudzap.com\/en\/wp-json\/wp\/v2\/pages\/52","targetHints":{"allow":["GET"]}}],"collection":[{"href":"https:\/\/groupvsr.dev.loudzap.com\/en\/wp-json\/wp\/v2\/pages"}],"about":[{"href":"https:\/\/groupvsr.dev.loudzap.com\/en\/wp-json\/wp\/v2\/types\/page"}],"author":[{"embeddable":true,"href":"https:\/\/groupvsr.dev.loudzap.com\/en\/wp-json\/wp\/v2\/users\/4"}],"replies":[{"embeddable":true,"href":"https:\/\/groupvsr.dev.loudzap.com\/en\/wp-json\/wp\/v2\/comments?post=52"}],"version-history":[{"count":75,"href":"https:\/\/groupvsr.dev.loudzap.com\/en\/wp-json\/wp\/v2\/pages\/52\/revisions"}],"predecessor-version":[{"id":686,"href":"https:\/\/groupvsr.dev.loudzap.com\/en\/wp-json\/wp\/v2\/pages\/52\/revisions\/686"}],"wp:attachment":[{"href":"https:\/\/groupvsr.dev.loudzap.com\/en\/wp-json\/wp\/v2\/media?parent=52"}],"curies":[{"name":"wp","href":"https:\/\/api.w.org\/{rel}","templated":true}]}}