{"id":50,"date":"2021-11-16T07:27:22","date_gmt":"2021-11-16T07:27:22","guid":{"rendered":"https:\/\/master.dev.loudzap.com\/?page_id=50"},"modified":"2025-03-05T12:47:33","modified_gmt":"2025-03-05T12:47:33","slug":"privacy-policy","status":"publish","type":"page","link":"https:\/\/groupvsr.dev.loudzap.com\/en\/politica-de-privacidade\/","title":{"rendered":"Privacy Policy"},"content":{"rendered":"\t\t<div data-elementor-type=\"wp-page\" data-elementor-id=\"50\" class=\"elementor elementor-50\" data-elementor-post-type=\"page\">\n\t\t\t\t<div class=\"elementor-element elementor-element-33c9481 e-flex e-con-boxed e-con e-parent\" data-id=\"33c9481\" data-element_type=\"container\" data-e-type=\"container\" data-settings=\"{&quot;background_background&quot;:&quot;classic&quot;}\">\n\t\t\t\t\t<div class=\"e-con-inner\">\n\t\t<div class=\"elementor-element elementor-element-54f79dd e-con-full e-flex e-con e-child\" data-id=\"54f79dd\" data-element_type=\"container\" data-e-type=\"container\">\n\t\t\t\t<\/div>\n\t\t\t\t\t<\/div>\n\t\t\t\t<\/div>\n\t\t<div class=\"elementor-element elementor-element-21cf1de e-flex e-con-boxed e-con e-parent\" data-id=\"21cf1de\" data-element_type=\"container\" data-e-type=\"container\" data-settings=\"{&quot;background_background&quot;:&quot;classic&quot;}\">\n\t\t\t\t\t<div class=\"e-con-inner\">\n\t\t<div class=\"elementor-element elementor-element-e88e4c2 e-con-full e-flex e-con e-child\" data-id=\"e88e4c2\" data-element_type=\"container\" data-e-type=\"container\">\n\t\t<div class=\"elementor-element elementor-element-9176bbe e-con-full e-flex e-con e-child\" data-id=\"9176bbe\" data-element_type=\"container\" data-e-type=\"container\">\n\t\t\t\t<div class=\"elementor-element elementor-element-bf39504 elementor-widget elementor-widget-heading\" data-id=\"bf39504\" data-element_type=\"widget\" data-e-type=\"widget\" data-widget_type=\"heading.default\">\n\t\t\t\t<div class=\"elementor-widget-container\">\n\t\t\t\t\t<div class=\"elementor-heading-title elementor-size-default\">Group VSR<\/div>\t\t\t\t<\/div>\n\t\t\t\t<\/div>\n\t\t\t\t<\/div>\n\t\t\t\t<div class=\"elementor-element elementor-element-3b7941a elementor-widget__width-auto elementor-widget-tablet__width-initial elementor-widget-mobile__width-inherit elementor-widget elementor-widget-heading\" data-id=\"3b7941a\" data-element_type=\"widget\" data-e-type=\"widget\" data-widget_type=\"heading.default\">\n\t\t\t\t<div class=\"elementor-widget-container\">\n\t\t\t\t\t<h2 class=\"elementor-heading-title elementor-size-default\">Pol\u00edtica de Prote\u00e7\u00e3o de Dados<\/h2>\t\t\t\t<\/div>\n\t\t\t\t<\/div>\n\t\t\t\t<div class=\"elementor-element elementor-element-df18fc1 elementor-widget__width-inherit elementor-widget-divider--view-line elementor-widget elementor-widget-divider\" data-id=\"df18fc1\" data-element_type=\"widget\" data-e-type=\"widget\" data-widget_type=\"divider.default\">\n\t\t\t\t<div class=\"elementor-widget-container\">\n\t\t\t\t\t\t\t<div class=\"elementor-divider\">\n\t\t\t<span class=\"elementor-divider-separator\">\n\t\t\t\t\t\t<\/span>\n\t\t<\/div>\n\t\t\t\t\t\t<\/div>\n\t\t\t\t<\/div>\n\t\t\t\t<div class=\"elementor-element elementor-element-9566ae8 elementor-widget__width-inherit elementor-widget-mobile__width-inherit elementor-widget elementor-widget-text-editor\" data-id=\"9566ae8\" data-element_type=\"widget\" data-e-type=\"widget\" data-widget_type=\"text-editor.default\">\n\t\t\t\t<div class=\"elementor-widget-container\">\n\t\t\t\t\t\t\t\t\t<p>[&#8230;]<\/p>\t\t\t\t\t\t\t\t<\/div>\n\t\t\t\t<\/div>\n\t\t\t\t<\/div>\n\t\t\t\t\t<\/div>\n\t\t\t\t<\/div>\n\t\t\t\t<\/div>\n\t\t","protected":false},"excerpt":{"rendered":"<p>Group VSR Pol\u00edtica de Prote\u00e7\u00e3o de Dados [&#8230;]<\/p>\n","protected":false},"author":4,"featured_media":0,"parent":0,"menu_order":5,"comment_status":"closed","ping_status":"closed","template":"","meta":{"_seopress_robots_primary_cat":"","_seopress_titles_title":"","_seopress_titles_desc":"","_seopress_robots_index":"","footnotes":""},"class_list":["post-50","page","type-page","status-publish","hentry"],"_links":{"self":[{"href":"https:\/\/groupvsr.dev.loudzap.com\/en\/wp-json\/wp\/v2\/pages\/50","targetHints":{"allow":["GET"]}}],"collection":[{"href":"https:\/\/groupvsr.dev.loudzap.com\/en\/wp-json\/wp\/v2\/pages"}],"about":[{"href":"https:\/\/groupvsr.dev.loudzap.com\/en\/wp-json\/wp\/v2\/types\/page"}],"author":[{"embeddable":true,"href":"https:\/\/groupvsr.dev.loudzap.com\/en\/wp-json\/wp\/v2\/users\/4"}],"replies":[{"embeddable":true,"href":"https:\/\/groupvsr.dev.loudzap.com\/en\/wp-json\/wp\/v2\/comments?post=50"}],"version-history":[{"count":3,"href":"https:\/\/groupvsr.dev.loudzap.com\/en\/wp-json\/wp\/v2\/pages\/50\/revisions"}],"predecessor-version":[{"id":701,"href":"https:\/\/groupvsr.dev.loudzap.com\/en\/wp-json\/wp\/v2\/pages\/50\/revisions\/701"}],"wp:attachment":[{"href":"https:\/\/groupvsr.dev.loudzap.com\/en\/wp-json\/wp\/v2\/media?parent=50"}],"curies":[{"name":"wp","href":"https:\/\/api.w.org\/{rel}","templated":true}]}}