{"id":48,"date":"2021-11-16T07:14:40","date_gmt":"2021-11-16T07:14:40","guid":{"rendered":"https:\/\/master.dev.loudzap.com\/?page_id=48"},"modified":"2025-03-05T12:46:27","modified_gmt":"2025-03-05T12:46:27","slug":"cookie-policy","status":"publish","type":"page","link":"https:\/\/groupvsr.dev.loudzap.com\/en\/politica-de-cookies\/","title":{"rendered":"Cookie Policy"},"content":{"rendered":"<div data-elementor-type=\"wp-page\" data-elementor-id=\"48\" class=\"elementor elementor-48\" data-elementor-post-type=\"page\">\n\t\t\t\t<div class=\"elementor-element elementor-element-a5e841d e-flex e-con-boxed e-con e-parent\" data-id=\"a5e841d\" data-element_type=\"container\" data-e-type=\"container\" data-settings=\"{&quot;background_background&quot;:&quot;classic&quot;}\">\n\t\t\t\t\t<div class=\"e-con-inner\">\n\t\t<div class=\"elementor-element elementor-element-8c23ea2 e-con-full e-flex e-con e-child\" data-id=\"8c23ea2\" data-element_type=\"container\" data-e-type=\"container\">\n\t\t\t\t<\/div>\n\t\t\t\t\t<\/div>\n\t\t\t\t<\/div>\n\t\t<div class=\"elementor-element elementor-element-5e1cd597 e-flex e-con-boxed e-con e-parent\" data-id=\"5e1cd597\" data-element_type=\"container\" data-e-type=\"container\" data-settings=\"{&quot;background_background&quot;:&quot;classic&quot;}\">\n\t\t\t\t\t<div class=\"e-con-inner\">\n\t\t<div class=\"elementor-element elementor-element-c453dee e-con-full e-flex e-con e-child\" data-id=\"c453dee\" data-element_type=\"container\" data-e-type=\"container\">\n\t\t<div class=\"elementor-element elementor-element-4b68a2e e-con-full e-flex e-con e-child\" data-id=\"4b68a2e\" data-element_type=\"container\" data-e-type=\"container\">\n\t\t\t\t<div class=\"elementor-element elementor-element-9501bb7 elementor-widget elementor-widget-heading\" data-id=\"9501bb7\" data-element_type=\"widget\" data-e-type=\"widget\" data-widget_type=\"heading.default\">\n\t\t\t\t<div class=\"elementor-widget-container\">\n\t\t\t\t\t<div class=\"elementor-heading-title elementor-size-default\">Group VSR<\/div>\t\t\t\t<\/div>\n\t\t\t\t<\/div>\n\t\t\t\t<\/div>\n\t\t\t\t<div class=\"elementor-element elementor-element-1ffbffc2 elementor-widget__width-auto elementor-widget-tablet__width-initial elementor-widget-mobile__width-inherit elementor-widget elementor-widget-heading\" data-id=\"1ffbffc2\" data-element_type=\"widget\" data-e-type=\"widget\" data-widget_type=\"heading.default\">\n\t\t\t\t<div class=\"elementor-widget-container\">\n\t\t\t\t\t<h2 class=\"elementor-heading-title elementor-size-default\">This website uses cookies to improve its service.<\/h2>\t\t\t\t<\/div>\n\t\t\t\t<\/div>\n\t\t\t\t<div class=\"elementor-element elementor-element-22c9495c elementor-widget__width-inherit elementor-widget-divider--view-line elementor-widget elementor-widget-divider\" data-id=\"22c9495c\" data-element_type=\"widget\" data-e-type=\"widget\" data-widget_type=\"divider.default\">\n\t\t\t\t<div class=\"elementor-widget-container\">\n\t\t\t\t\t\t\t<div class=\"elementor-divider\">\n\t\t\t<span class=\"elementor-divider-separator\">\n\t\t\t\t\t\t<\/span>\n\t\t<\/div>\n\t\t\t\t\t\t<\/div>\n\t\t\t\t<\/div>\n\t\t\t\t<div class=\"elementor-element elementor-element-52965d3 elementor-widget__width-inherit elementor-widget-mobile__width-inherit elementor-widget elementor-widget-text-editor\" data-id=\"52965d3\" data-element_type=\"widget\" data-e-type=\"widget\" data-widget_type=\"text-editor.default\">\n\t\t\t\t<div class=\"elementor-widget-container\">\n\t\t\t\t\t\t\t\t\t<h3>1. What are cookies?<\/h3><p>Cookies are small text files stored on the user\u2019s computer when they visit certain websites. In some cases, they are eliminated after this visit. In other cases they are kept for later visits. The use of cookies when accessing websites is a common practice and the various browsers allow each user to refuse their use, as well as delete those that have already been created.<\/p><p>You should not continue to access our website after the warning about cookies if you do not agree with their use.<\/p><h3>2. What is the interest in accepting cookies?<\/h3><p>When you visit this website, we record certain information that we store on your device. Some cookies may be essential to guarantee the functionalities available, while others are intended to improve performance and user experience.<\/p><h3>3. Accept\/Decline cookies<\/h3><p>You can at any time choose to accept or refuse the installation of cookies on your device by configuring your browser software.<\/p><h4>3.1 If you accept cookies<\/h4><p>The registration of a cookie on your device depends on your wishes. At any time, you can modify your choice using the options provided by your navigation software.<\/p><p>If the browsing software you use has accepted the recording of cookies on your device, the cookies integrated into the pages and content you have viewed may be temporarily stored in a specific space on your device.<\/p><h4>3.2 If you refuse cookies<\/h4><p>When you refuse cookies, we simply deposit an \u201copt-out\u201d cookie. This cookie allows us to remember your choice, in order to avoid asking you on each visit whether you want to accept or reject cookies.<\/p><h3>4. Manage cookies in different browsers<\/h3><p>To disable cookies in your browser, you can consult the links below. Considering the high number of browsers and their versions, these instructions are not exhaustive.<\/p><p class=\"translation-block\"><b>Firefox<\/b>: <a href=\"https:\/\/support.mozilla.org\/pt-PT\/kb\/protecao-contra-monitorizacao-melhorada-no-firefox-para-pc\" target=\"_blank\" rel=\"noopener noreferrer\">Enhanced Monitoring Protection<\/a><\/p><p class=\"translation-block\"><b>Chrome<\/b>: <a href=\"https:\/\/support.google.com\/chrome\/answer\/95647?hl=pt\" target=\"_blank\" rel=\"noopener noreferrer\">Clear, activate and manage cookies in Chrome<\/a><\/p><p class=\"translation-block\"><b>Internet explorer<\/b>: <a href=\"https:\/\/support.microsoft.com\/pt-pt\/help\/17442\/windows-internet-explorer-delete-manage-cookies\" target=\"_blank\" rel=\"noopener noreferrer\">Delete and manage cookies<\/a><\/p><h3>5. Legal Notice Update<\/h3><p>We reserve the right to make any changes or corrections to this cookie notice. Please check this page regularly to review the information and check for any updates.<\/p><p><i>This notification was updated on November 1, 2021<\/i><\/p>\t\t\t\t\t\t\t\t<\/div>\n\t\t\t\t<\/div>\n\t\t\t\t<\/div>\n\t\t\t\t\t<\/div>\n\t\t\t\t<\/div>\n\t\t\t\t<\/div>","protected":false},"excerpt":{"rendered":"<p>Group VSR Este website utiliza cookies para melhorar o seu servi\u00e7o. 1. O que s\u00e3o cookies? Os cookies s\u00e3o pequenos ficheiros de texto armazenados no computador do utilizador quando visita determinados websites. Em alguns casos, s\u00e3o eliminados ap\u00f3s essa visita. Noutros casos s\u00e3o mantidos para visitas posteriores. O uso de cookies no acesso a websites [&hellip;]<\/p>\n","protected":false},"author":4,"featured_media":0,"parent":0,"menu_order":6,"comment_status":"closed","ping_status":"closed","template":"","meta":{"_seopress_robots_primary_cat":"","_seopress_titles_title":"","_seopress_titles_desc":"","_seopress_robots_index":"","footnotes":""},"class_list":["post-48","page","type-page","status-publish","hentry"],"_links":{"self":[{"href":"https:\/\/groupvsr.dev.loudzap.com\/en\/wp-json\/wp\/v2\/pages\/48","targetHints":{"allow":["GET"]}}],"collection":[{"href":"https:\/\/groupvsr.dev.loudzap.com\/en\/wp-json\/wp\/v2\/pages"}],"about":[{"href":"https:\/\/groupvsr.dev.loudzap.com\/en\/wp-json\/wp\/v2\/types\/page"}],"author":[{"embeddable":true,"href":"https:\/\/groupvsr.dev.loudzap.com\/en\/wp-json\/wp\/v2\/users\/4"}],"replies":[{"embeddable":true,"href":"https:\/\/groupvsr.dev.loudzap.com\/en\/wp-json\/wp\/v2\/comments?post=48"}],"version-history":[{"count":12,"href":"https:\/\/groupvsr.dev.loudzap.com\/en\/wp-json\/wp\/v2\/pages\/48\/revisions"}],"predecessor-version":[{"id":698,"href":"https:\/\/groupvsr.dev.loudzap.com\/en\/wp-json\/wp\/v2\/pages\/48\/revisions\/698"}],"wp:attachment":[{"href":"https:\/\/groupvsr.dev.loudzap.com\/en\/wp-json\/wp\/v2\/media?parent=48"}],"curies":[{"name":"wp","href":"https:\/\/api.w.org\/{rel}","templated":true}]}}