{"id":331,"date":"2025-03-04T10:09:39","date_gmt":"2025-03-04T10:09:39","guid":{"rendered":"https:\/\/groupvsr.dev.loudzap.com\/?page_id=331"},"modified":"2025-03-10T11:47:15","modified_gmt":"2025-03-10T11:47:15","slug":"other-services","status":"publish","type":"page","link":"https:\/\/groupvsr.dev.loudzap.com\/en\/outros-servicos\/","title":{"rendered":"Other Services"},"content":{"rendered":"<div data-elementor-type=\"wp-page\" data-elementor-id=\"331\" class=\"elementor elementor-331\" data-elementor-post-type=\"page\">\n\t\t\t\t<div class=\"elementor-element elementor-element-d647685 e-flex e-con-boxed e-con e-parent\" data-id=\"d647685\" data-element_type=\"container\" data-e-type=\"container\" data-settings=\"{&quot;background_background&quot;:&quot;classic&quot;}\">\n\t\t\t\t\t<div class=\"e-con-inner\">\n\t\t<div class=\"elementor-element elementor-element-0f4917c e-con-full e-flex e-con e-child\" data-id=\"0f4917c\" data-element_type=\"container\" data-e-type=\"container\">\n\t\t\t\t<\/div>\n\t\t\t\t\t<\/div>\n\t\t\t\t<\/div>\n\t\t<div class=\"elementor-element elementor-element-9aa8107 e-flex e-con-boxed e-con e-parent\" data-id=\"9aa8107\" data-element_type=\"container\" data-e-type=\"container\" data-settings=\"{&quot;background_background&quot;:&quot;classic&quot;}\">\n\t\t\t\t\t<div class=\"e-con-inner\">\n\t\t<div class=\"elementor-element elementor-element-4a1fd43e e-con-full e-flex e-con e-child\" data-id=\"4a1fd43e\" data-element_type=\"container\" data-e-type=\"container\">\n\t\t<div class=\"elementor-element elementor-element-2887320c e-con-full e-flex e-con e-child\" data-id=\"2887320c\" data-element_type=\"container\" data-e-type=\"container\">\n\t\t\t\t<div class=\"elementor-element elementor-element-2a231da8 elementor-widget__width-initial elementor-widget elementor-widget-image\" data-id=\"2a231da8\" data-element_type=\"widget\" data-e-type=\"widget\" data-widget_type=\"image.default\">\n\t\t\t\t<div class=\"elementor-widget-container\">\n\t\t\t\t\t\t\t\t\t\t\t\t\t\t\t<img fetchpriority=\"high\" decoding=\"async\" width=\"1200\" height=\"800\" src=\"https:\/\/groupvsr.dev.loudzap.com\/wp-content\/uploads\/2025\/03\/pensive-specialist-32ATEUD.webp\" class=\"attachment-full size-full wp-image-149\" alt=\"\" srcset=\"https:\/\/groupvsr.dev.loudzap.com\/wp-content\/uploads\/2025\/03\/pensive-specialist-32ATEUD.webp 1200w, https:\/\/groupvsr.dev.loudzap.com\/wp-content\/uploads\/2025\/03\/pensive-specialist-32ATEUD-800x533.webp 800w, https:\/\/groupvsr.dev.loudzap.com\/wp-content\/uploads\/2025\/03\/pensive-specialist-32ATEUD-600x400.webp 600w, https:\/\/groupvsr.dev.loudzap.com\/wp-content\/uploads\/2025\/03\/pensive-specialist-32ATEUD-768x512.webp 768w, https:\/\/groupvsr.dev.loudzap.com\/wp-content\/uploads\/2025\/03\/pensive-specialist-32ATEUD-18x12.webp 18w\" sizes=\"(max-width: 1200px) 100vw, 1200px\" \/>\t\t\t\t\t\t\t\t\t\t\t\t\t\t\t<\/div>\n\t\t\t\t<\/div>\n\t\t\t\t<div class=\"elementor-element elementor-element-52b91aa5 elementor-absolute elementor-widget elementor-widget-counter\" data-id=\"52b91aa5\" data-element_type=\"widget\" data-e-type=\"widget\" data-settings=\"{&quot;_position&quot;:&quot;absolute&quot;}\" data-widget_type=\"counter.default\">\n\t\t\t\t<div class=\"elementor-widget-container\">\n\t\t\t\t\t\t\t<div class=\"elementor-counter\">\n\t\t\t<div class=\"elementor-counter-title\">Years of Experience<\/div>\t\t\t<div class=\"elementor-counter-number-wrapper\">\n\t\t\t\t<span class=\"elementor-counter-number-prefix\">+<\/span>\n\t\t\t\t<span class=\"elementor-counter-number\" data-duration=\"2000\" data-to-value=\"30\" data-from-value=\"0\" data-delimiter=\",\">0<\/span>\n\t\t\t\t<span class=\"elementor-counter-number-suffix\"><\/span>\n\t\t\t<\/div>\n\t\t<\/div>\n\t\t\t\t\t\t<\/div>\n\t\t\t\t<\/div>\n\t\t\t\t<div class=\"elementor-element elementor-element-39900865 elementor-widget__width-initial elementor-absolute elementor-widget elementor-widget-image\" data-id=\"39900865\" data-element_type=\"widget\" data-e-type=\"widget\" data-settings=\"{&quot;_position&quot;:&quot;absolute&quot;}\" data-widget_type=\"image.default\">\n\t\t\t\t<div class=\"elementor-widget-container\">\n\t\t\t\t\t\t\t\t\t\t\t\t\t\t\t<img decoding=\"async\" width=\"1200\" height=\"800\" src=\"https:\/\/groupvsr.dev.loudzap.com\/wp-content\/uploads\/2025\/03\/cropped-photo-of-young-woman-architect-designing-d-S2FKPR5.webp\" class=\"attachment-full size-full wp-image-199\" alt=\"\" srcset=\"https:\/\/groupvsr.dev.loudzap.com\/wp-content\/uploads\/2025\/03\/cropped-photo-of-young-woman-architect-designing-d-S2FKPR5.webp 1200w, https:\/\/groupvsr.dev.loudzap.com\/wp-content\/uploads\/2025\/03\/cropped-photo-of-young-woman-architect-designing-d-S2FKPR5-800x533.webp 800w, https:\/\/groupvsr.dev.loudzap.com\/wp-content\/uploads\/2025\/03\/cropped-photo-of-young-woman-architect-designing-d-S2FKPR5-600x400.webp 600w, https:\/\/groupvsr.dev.loudzap.com\/wp-content\/uploads\/2025\/03\/cropped-photo-of-young-woman-architect-designing-d-S2FKPR5-768x512.webp 768w, https:\/\/groupvsr.dev.loudzap.com\/wp-content\/uploads\/2025\/03\/cropped-photo-of-young-woman-architect-designing-d-S2FKPR5-18x12.webp 18w\" sizes=\"(max-width: 1200px) 100vw, 1200px\" \/>\t\t\t\t\t\t\t\t\t\t\t\t\t\t\t<\/div>\n\t\t\t\t<\/div>\n\t\t\t\t<\/div>\n\t\t<div class=\"elementor-element elementor-element-68cf51a4 e-con-full e-flex e-con e-child\" data-id=\"68cf51a4\" data-element_type=\"container\" data-e-type=\"container\">\n\t\t<div class=\"elementor-element elementor-element-f404d60 e-con-full e-flex e-con e-child\" data-id=\"f404d60\" data-element_type=\"container\" data-e-type=\"container\">\n\t\t<div class=\"elementor-element elementor-element-c4d85ab e-con-full e-flex e-con e-child\" data-id=\"c4d85ab\" data-element_type=\"container\" data-e-type=\"container\">\n\t\t\t\t<div class=\"elementor-element elementor-element-93cf134 elementor-widget elementor-widget-heading\" data-id=\"93cf134\" data-element_type=\"widget\" data-e-type=\"widget\" data-widget_type=\"heading.default\">\n\t\t\t\t<div class=\"elementor-widget-container\">\n\t\t\t\t\t<div class=\"elementor-heading-title elementor-size-default\">Group VSR<\/div>\t\t\t\t<\/div>\n\t\t\t\t<\/div>\n\t\t\t\t<\/div>\n\t\t\t\t<div class=\"elementor-element elementor-element-c269d0 elementor-widget__width-initial elementor-widget elementor-widget-heading\" data-id=\"c269d0\" data-element_type=\"widget\" data-e-type=\"widget\" data-widget_type=\"heading.default\">\n\t\t\t\t<div class=\"elementor-widget-container\">\n\t\t\t\t\t<h2 class=\"elementor-heading-title elementor-size-default\">Exclusive Solutions &amp; Premium Services<\/h2>\t\t\t\t<\/div>\n\t\t\t\t<\/div>\n\t\t\t\t<div class=\"elementor-element elementor-element-25902a87 elementor-widget__width-initial elementor-widget-tablet__width-inherit elementor-widget elementor-widget-text-editor\" data-id=\"25902a87\" data-element_type=\"widget\" data-e-type=\"widget\" data-widget_type=\"text-editor.default\">\n\t\t\t\t<div class=\"elementor-widget-container\">\n\t\t\t\t\t\t\t\t\t<p>Group VSR provides a range of high-end services through strategic partners, ensuring sophistication and excellence in every detail.<\/p>\t\t\t\t\t\t\t\t<\/div>\n\t\t\t\t<\/div>\n\t\t\t\t<\/div>\n\t\t\t\t<div class=\"elementor-element elementor-element-343e2358 elementor-widget-divider--view-line elementor-widget elementor-widget-divider\" data-id=\"343e2358\" data-element_type=\"widget\" data-e-type=\"widget\" data-widget_type=\"divider.default\">\n\t\t\t\t<div class=\"elementor-widget-container\">\n\t\t\t\t\t\t\t<div class=\"elementor-divider\">\n\t\t\t<span class=\"elementor-divider-separator\">\n\t\t\t\t\t\t<\/span>\n\t\t<\/div>\n\t\t\t\t\t\t<\/div>\n\t\t\t\t<\/div>\n\t\t<div class=\"elementor-element elementor-element-52322a1 e-con-full e-flex e-con e-child\" data-id=\"52322a1\" data-element_type=\"container\" data-e-type=\"container\">\n\t\t<div class=\"elementor-element elementor-element-7e83eb8 e-con-full e-flex e-con e-child\" data-id=\"7e83eb8\" data-element_type=\"container\" data-e-type=\"container\">\n\t\t\t\t<div class=\"elementor-element elementor-element-2013fd1 elementor-widget__width-initial elementor-widget elementor-widget-heading\" data-id=\"2013fd1\" data-element_type=\"widget\" data-e-type=\"widget\" data-widget_type=\"heading.default\">\n\t\t\t\t<div class=\"elementor-widget-container\">\n\t\t\t\t\t<h4 class=\"elementor-heading-title elementor-size-default\">01<\/h4>\t\t\t\t<\/div>\n\t\t\t\t<\/div>\n\t\t\t\t<div class=\"elementor-element elementor-element-5cf144c elementor-widget__width-initial elementor-widget elementor-widget-image-box\" data-id=\"5cf144c\" data-element_type=\"widget\" data-e-type=\"widget\" data-widget_type=\"image-box.default\">\n\t\t\t\t<div class=\"elementor-widget-container\">\n\t\t\t\t\t<div class=\"elementor-image-box-wrapper\"><div class=\"elementor-image-box-content\"><h5 class=\"elementor-image-box-title\">Interior Design<\/h5><p class=\"elementor-image-box-description\">Exclusive and personalized spaces with high-end design.<\/p><\/div><\/div>\t\t\t\t<\/div>\n\t\t\t\t<\/div>\n\t\t\t\t<\/div>\n\t\t<div class=\"elementor-element elementor-element-b49128b e-con-full e-flex e-con e-child\" data-id=\"b49128b\" data-element_type=\"container\" data-e-type=\"container\">\n\t\t\t\t<div class=\"elementor-element elementor-element-793f76e elementor-widget__width-initial elementor-widget elementor-widget-heading\" data-id=\"793f76e\" data-element_type=\"widget\" data-e-type=\"widget\" data-widget_type=\"heading.default\">\n\t\t\t\t<div class=\"elementor-widget-container\">\n\t\t\t\t\t<h4 class=\"elementor-heading-title elementor-size-default\">02<\/h4>\t\t\t\t<\/div>\n\t\t\t\t<\/div>\n\t\t\t\t<div class=\"elementor-element elementor-element-57b8480 elementor-widget__width-initial elementor-widget elementor-widget-image-box\" data-id=\"57b8480\" data-element_type=\"widget\" data-e-type=\"widget\" data-widget_type=\"image-box.default\">\n\t\t\t\t<div class=\"elementor-widget-container\">\n\t\t\t\t\t<div class=\"elementor-image-box-wrapper\"><div class=\"elementor-image-box-content\"><h5 class=\"elementor-image-box-title\">Carpintaria &amp; Serralharia<\/h5><p class=\"elementor-image-box-description\">Luxurious finishes and premium materials for distinguished projects.<\/p><\/div><\/div>\t\t\t\t<\/div>\n\t\t\t\t<\/div>\n\t\t\t\t<\/div>\n\t\t<div class=\"elementor-element elementor-element-554331c e-con-full e-flex e-con e-child\" data-id=\"554331c\" data-element_type=\"container\" data-e-type=\"container\">\n\t\t\t\t<div class=\"elementor-element elementor-element-ab5626d elementor-widget__width-initial elementor-widget elementor-widget-heading\" data-id=\"ab5626d\" data-element_type=\"widget\" data-e-type=\"widget\" data-widget_type=\"heading.default\">\n\t\t\t\t<div class=\"elementor-widget-container\">\n\t\t\t\t\t<h4 class=\"elementor-heading-title elementor-size-default\">03<\/h4>\t\t\t\t<\/div>\n\t\t\t\t<\/div>\n\t\t\t\t<div class=\"elementor-element elementor-element-3a6ae49 elementor-widget__width-initial elementor-widget elementor-widget-image-box\" data-id=\"3a6ae49\" data-element_type=\"widget\" data-e-type=\"widget\" data-widget_type=\"image-box.default\">\n\t\t\t\t<div class=\"elementor-widget-container\">\n\t\t\t\t\t<div class=\"elementor-image-box-wrapper\"><div class=\"elementor-image-box-content\"><h5 class=\"elementor-image-box-title\">Legal Department<\/h5><p class=\"elementor-image-box-description\">Management of contracts, deeds, and residency processes with discretion and security.<\/p><\/div><\/div>\t\t\t\t<\/div>\n\t\t\t\t<\/div>\n\t\t\t\t<\/div>\n\t\t<div class=\"elementor-element elementor-element-170fc41 e-con-full e-flex e-con e-child\" data-id=\"170fc41\" data-element_type=\"container\" data-e-type=\"container\">\n\t\t\t\t<div class=\"elementor-element elementor-element-4ead224 elementor-widget__width-initial elementor-widget elementor-widget-heading\" data-id=\"4ead224\" data-element_type=\"widget\" data-e-type=\"widget\" data-widget_type=\"heading.default\">\n\t\t\t\t<div class=\"elementor-widget-container\">\n\t\t\t\t\t<h4 class=\"elementor-heading-title elementor-size-default\">04<\/h4>\t\t\t\t<\/div>\n\t\t\t\t<\/div>\n\t\t\t\t<div class=\"elementor-element elementor-element-8854160 elementor-widget__width-initial elementor-widget elementor-widget-image-box\" data-id=\"8854160\" data-element_type=\"widget\" data-e-type=\"widget\" data-widget_type=\"image-box.default\">\n\t\t\t\t<div class=\"elementor-widget-container\">\n\t\t\t\t\t<div class=\"elementor-image-box-wrapper\"><div class=\"elementor-image-box-content\"><h5 class=\"elementor-image-box-title\">Credit Brokerage<\/h5><p class=\"elementor-image-box-description\">Privileged financing conditions for strategic investments.<\/p><\/div><\/div>\t\t\t\t<\/div>\n\t\t\t\t<\/div>\n\t\t\t\t<\/div>\n\t\t<div class=\"elementor-element elementor-element-1c5b2a1 e-con-full e-flex e-con e-child\" data-id=\"1c5b2a1\" data-element_type=\"container\" data-e-type=\"container\">\n\t\t\t\t<div class=\"elementor-element elementor-element-98b26d0 elementor-widget__width-initial elementor-widget elementor-widget-heading\" data-id=\"98b26d0\" data-element_type=\"widget\" data-e-type=\"widget\" data-widget_type=\"heading.default\">\n\t\t\t\t<div class=\"elementor-widget-container\">\n\t\t\t\t\t<h4 class=\"elementor-heading-title elementor-size-default\">05<\/h4>\t\t\t\t<\/div>\n\t\t\t\t<\/div>\n\t\t\t\t<div class=\"elementor-element elementor-element-8f4db35 elementor-widget__width-initial elementor-widget elementor-widget-image-box\" data-id=\"8f4db35\" data-element_type=\"widget\" data-e-type=\"widget\" data-widget_type=\"image-box.default\">\n\t\t\t\t<div class=\"elementor-widget-container\">\n\t\t\t\t\t<div class=\"elementor-image-box-wrapper\"><div class=\"elementor-image-box-content\"><h5 class=\"elementor-image-box-title\">EU Funds Applications<\/h5><p class=\"elementor-image-box-description\">Expert guidance to maximize financial support.<\/p><\/div><\/div>\t\t\t\t<\/div>\n\t\t\t\t<\/div>\n\t\t\t\t<\/div>\n\t\t\t\t<div class=\"elementor-element elementor-element-d7d9a52 elementor-tablet-align-center elementor-widget__width-inherit elementor-widget elementor-widget-button\" data-id=\"d7d9a52\" data-element_type=\"widget\" data-e-type=\"widget\" data-widget_type=\"button.default\">\n\t\t\t\t<div class=\"elementor-widget-container\">\n\t\t\t\t\t\t\t\t\t<div class=\"elementor-button-wrapper\">\n\t\t\t\t\t<a class=\"elementor-button elementor-button-link elementor-size-sm\" href=\"https:\/\/groupvsr.dev.loudzap.com\/en\/contactos\/\">\n\t\t\t\t\t\t<span class=\"elementor-button-content-wrapper\">\n\t\t\t\t\t\t\t\t\t<span class=\"elementor-button-text\">Contact us<\/span>\n\t\t\t\t\t<\/span>\n\t\t\t\t\t<\/a>\n\t\t\t\t<\/div>\n\t\t\t\t\t\t\t\t<\/div>\n\t\t\t\t<\/div>\n\t\t\t\t<\/div>\n\t\t\t\t<\/div>\n\t\t\t\t<div class=\"elementor-element elementor-element-6b33808c elementor-widget__width-inherit elementor-widget-divider--view-line elementor-widget elementor-widget-divider\" data-id=\"6b33808c\" data-element_type=\"widget\" data-e-type=\"widget\" data-widget_type=\"divider.default\">\n\t\t\t\t<div class=\"elementor-widget-container\">\n\t\t\t\t\t\t\t<div class=\"elementor-divider\">\n\t\t\t<span class=\"elementor-divider-separator\">\n\t\t\t\t\t\t<\/span>\n\t\t<\/div>\n\t\t\t\t\t\t<\/div>\n\t\t\t\t<\/div>\n\t\t\t\t<div class=\"elementor-element elementor-element-36882ae elementor-widget__width-inherit elementor-widget-tablet__width-inherit elementor-widget-mobile__width-inherit elementor-widget elementor-widget-heading\" data-id=\"36882ae\" data-element_type=\"widget\" data-e-type=\"widget\" data-widget_type=\"heading.default\">\n\t\t\t\t<div class=\"elementor-widget-container\">\n\t\t\t\t\t<h3 class=\"elementor-heading-title elementor-size-default\">Group VSR - Excellence, Prestige, and High-Standard Solutions.<\/h3>\t\t\t\t<\/div>\n\t\t\t\t<\/div>\n\t\t\t\t<\/div>\n\t\t\t\t\t<\/div>\n\t\t\t\t<\/div>\n\t\t\t\t<\/div>","protected":false},"excerpt":{"rendered":"<p>Anos de Experi\u00eancia + 0 Group VSR Solu\u00e7\u00f5es Exclusivas e Servi\u00e7os Complementares O Group VSR oferece um leque de servi\u00e7os premium atrav\u00e9s de parceiros estrat\u00e9gicos, assegurando sofistica\u00e7\u00e3o e excel\u00eancia em cada detalhe. 01 Decora\u00e7\u00e3o de Interiores Ambientes exclusivos e personalizados com design de alto padr\u00e3o. 02 Carpintaria &#038; Serralharia Acabamentos luxuosos e materiais nobres para [&hellip;]<\/p>\n","protected":false},"author":4,"featured_media":0,"parent":0,"menu_order":3,"comment_status":"closed","ping_status":"closed","template":"","meta":{"_seopress_robots_primary_cat":"","_seopress_titles_title":"","_seopress_titles_desc":"","_seopress_robots_index":"","footnotes":""},"class_list":["post-331","page","type-page","status-publish","hentry"],"_links":{"self":[{"href":"https:\/\/groupvsr.dev.loudzap.com\/en\/wp-json\/wp\/v2\/pages\/331","targetHints":{"allow":["GET"]}}],"collection":[{"href":"https:\/\/groupvsr.dev.loudzap.com\/en\/wp-json\/wp\/v2\/pages"}],"about":[{"href":"https:\/\/groupvsr.dev.loudzap.com\/en\/wp-json\/wp\/v2\/types\/page"}],"author":[{"embeddable":true,"href":"https:\/\/groupvsr.dev.loudzap.com\/en\/wp-json\/wp\/v2\/users\/4"}],"replies":[{"embeddable":true,"href":"https:\/\/groupvsr.dev.loudzap.com\/en\/wp-json\/wp\/v2\/comments?post=331"}],"version-history":[{"count":28,"href":"https:\/\/groupvsr.dev.loudzap.com\/en\/wp-json\/wp\/v2\/pages\/331\/revisions"}],"predecessor-version":[{"id":763,"href":"https:\/\/groupvsr.dev.loudzap.com\/en\/wp-json\/wp\/v2\/pages\/331\/revisions\/763"}],"wp:attachment":[{"href":"https:\/\/groupvsr.dev.loudzap.com\/en\/wp-json\/wp\/v2\/media?parent=331"}],"curies":[{"name":"wp","href":"https:\/\/api.w.org\/{rel}","templated":true}]}}