{"id":327,"date":"2025-03-04T10:09:28","date_gmt":"2025-03-04T10:09:28","guid":{"rendered":"https:\/\/groupvsr.dev.loudzap.com\/?page_id=327"},"modified":"2025-03-10T10:48:15","modified_gmt":"2025-03-10T10:48:15","slug":"vitor-santos-recto","status":"publish","type":"page","link":"https:\/\/groupvsr.dev.loudzap.com\/en\/a-equipa\/vitor-santos-recto\/","title":{"rendered":"Vitor Santos Recto"},"content":{"rendered":"<div data-elementor-type=\"wp-page\" data-elementor-id=\"327\" class=\"elementor elementor-327\" data-elementor-post-type=\"page\">\n\t\t\t\t<div class=\"elementor-element elementor-element-86af865 e-flex e-con-boxed e-con e-parent\" data-id=\"86af865\" data-element_type=\"container\" data-e-type=\"container\" data-settings=\"{&quot;background_background&quot;:&quot;classic&quot;}\">\n\t\t\t\t\t<div class=\"e-con-inner\">\n\t\t<div class=\"elementor-element elementor-element-845638a e-con-full e-flex e-con e-child\" data-id=\"845638a\" data-element_type=\"container\" data-e-type=\"container\">\n\t\t\t\t<\/div>\n\t\t\t\t\t<\/div>\n\t\t\t\t<\/div>\n\t\t<div class=\"elementor-element elementor-element-a7a60a8 e-flex e-con-boxed e-con e-parent\" data-id=\"a7a60a8\" data-element_type=\"container\" data-e-type=\"container\">\n\t\t\t\t\t<div class=\"e-con-inner\">\n\t\t<div class=\"elementor-element elementor-element-15969c1 e-con-full e-flex e-con e-child\" data-id=\"15969c1\" data-element_type=\"container\" data-e-type=\"container\">\n\t\t<div class=\"elementor-element elementor-element-366e13e e-con-full e-flex e-con e-child\" data-id=\"366e13e\" data-element_type=\"container\" data-e-type=\"container\">\n\t\t<div class=\"elementor-element elementor-element-302243e e-con-full e-flex e-con e-child\" data-id=\"302243e\" data-element_type=\"container\" data-e-type=\"container\">\n\t\t\t\t<div class=\"elementor-element elementor-element-64e097e elementor-widget elementor-widget-heading\" data-id=\"64e097e\" data-element_type=\"widget\" data-e-type=\"widget\" data-widget_type=\"heading.default\">\n\t\t\t\t<div class=\"elementor-widget-container\">\n\t\t\t\t\t<div class=\"elementor-heading-title elementor-size-default\">The Team<\/div>\t\t\t\t<\/div>\n\t\t\t\t<\/div>\n\t\t\t\t<\/div>\n\t\t\t\t<div class=\"elementor-element elementor-element-2410f14 elementor-widget__width-initial elementor-widget elementor-widget-heading\" data-id=\"2410f14\" data-element_type=\"widget\" data-e-type=\"widget\" data-widget_type=\"heading.default\">\n\t\t\t\t<div class=\"elementor-widget-container\">\n\t\t\t\t\t<h2 class=\"elementor-heading-title elementor-size-default\">Prestige and Excellence in Civil Construction and Luxury Hotel Maintenance<\/h2>\t\t\t\t<\/div>\n\t\t\t\t<\/div>\n\t\t\t\t<div class=\"elementor-element elementor-element-b2fb910 elementor-widget__width-initial elementor-widget-tablet__width-inherit elementor-widget elementor-widget-text-editor\" data-id=\"b2fb910\" data-element_type=\"widget\" data-e-type=\"widget\" data-widget_type=\"text-editor.default\">\n\t\t\t\t<div class=\"elementor-widget-container\">\n\t\t\t\t\t\t\t\t\t<p class=\"translation-block\">With a distinguished career spanning <b>over 20 years<\/b> in <b>Switzerland and Portugal<\/b>, <b>V\u00edtor Santos Recto<\/b> is a renowned name in the <b>Civil Construction sector<\/b>, bringing a legacy of <b>sophistication, innovation, and excellence<\/b>.<\/p><p class=\"translation-block\">As a <b>partner in prestigious construction companies<\/b> and a strategic associate of <b>renowned developers<\/b>, he plays a key role in the creation of <b>high-end projects<\/b>, ensuring the highest standards of <b>quality, precision, and refinement<\/b> in every endeavor.<\/p><p class=\"translation-block\">Beyond the construction of <b>exceptional developments<\/b>, his companies specialize in the <b>maintenance and renovation of luxury hotels<\/b>, preserving and enhancing spaces that embody <b>elegance, comfort, and exclusivity<\/b>. His visionary approach and expertise in <b>cutting-edge construction techniques<\/b> ensure projects that go beyond the ordinary, seamlessly combining <b>sophisticated design, precision engineering, and the finest materials<\/b>.<\/p><p class=\"translation-block\">Each project is a true <b>expression of luxury and grandeur<\/b>, reflecting an unwavering commitment to <b>architectural perfection and sustainability<\/b>.<\/p><p><b>For those who demand more than just construction-who seek a legacy of exclusivity and distinction-V\u00edtor Santos Recto is the ultimate choice.<\/b><\/p>\t\t\t\t\t\t\t\t<\/div>\n\t\t\t\t<\/div>\n\t\t\t\t<div class=\"elementor-element elementor-element-54ab57e elementor-tablet-align-center elementor-widget__width-inherit elementor-widget elementor-widget-button\" data-id=\"54ab57e\" data-element_type=\"widget\" data-e-type=\"widget\" data-widget_type=\"button.default\">\n\t\t\t\t<div class=\"elementor-widget-container\">\n\t\t\t\t\t\t\t\t\t<div class=\"elementor-button-wrapper\">\n\t\t\t\t\t<a class=\"elementor-button elementor-button-link elementor-size-sm\" href=\"https:\/\/groupvsr.dev.loudzap.com\/en\/contactos\/\">\n\t\t\t\t\t\t<span class=\"elementor-button-content-wrapper\">\n\t\t\t\t\t\t\t\t\t<span class=\"elementor-button-text\">Contact us<\/span>\n\t\t\t\t\t<\/span>\n\t\t\t\t\t<\/a>\n\t\t\t\t<\/div>\n\t\t\t\t\t\t\t\t<\/div>\n\t\t\t\t<\/div>\n\t\t\t\t<\/div>\n\t\t<div class=\"elementor-element elementor-element-45d59ca e-con-full e-flex e-con e-child\" data-id=\"45d59ca\" data-element_type=\"container\" data-e-type=\"container\">\n\t\t\t\t<div class=\"elementor-element elementor-element-e41caf6 elementor-widget__width-inherit elementor-widget elementor-widget-image\" data-id=\"e41caf6\" data-element_type=\"widget\" data-e-type=\"widget\" data-widget_type=\"image.default\">\n\t\t\t\t<div class=\"elementor-widget-container\">\n\t\t\t\t\t\t\t\t\t\t\t\t\t\t\t<img fetchpriority=\"high\" decoding=\"async\" width=\"1409\" height=\"1920\" src=\"https:\/\/groupvsr.dev.loudzap.com\/wp-content\/uploads\/2025\/03\/vitor-santos-2.webp\" class=\"attachment-full size-full wp-image-719\" alt=\"Vitor Santos Recto\" srcset=\"https:\/\/groupvsr.dev.loudzap.com\/wp-content\/uploads\/2025\/03\/vitor-santos-2.webp 1409w, https:\/\/groupvsr.dev.loudzap.com\/wp-content\/uploads\/2025\/03\/vitor-santos-2-800x1090.webp 800w, https:\/\/groupvsr.dev.loudzap.com\/wp-content\/uploads\/2025\/03\/vitor-santos-2-1200x1635.webp 1200w, https:\/\/groupvsr.dev.loudzap.com\/wp-content\/uploads\/2025\/03\/vitor-santos-2-440x600.webp 440w, https:\/\/groupvsr.dev.loudzap.com\/wp-content\/uploads\/2025\/03\/vitor-santos-2-768x1047.webp 768w, https:\/\/groupvsr.dev.loudzap.com\/wp-content\/uploads\/2025\/03\/vitor-santos-2-1127x1536.webp 1127w, https:\/\/groupvsr.dev.loudzap.com\/wp-content\/uploads\/2025\/03\/vitor-santos-2-9x12.webp 9w\" sizes=\"(max-width: 1409px) 100vw, 1409px\" \/>\t\t\t\t\t\t\t\t\t\t\t\t\t\t\t<\/div>\n\t\t\t\t<\/div>\n\t\t\t\t<\/div>\n\t\t\t\t<\/div>\n\t\t\t\t\t<\/div>\n\t\t\t\t<\/div>\n\t\t\t\t<\/div>","protected":false},"excerpt":{"rendered":"<p>A Equipa Prest\u00edgio e Excel\u00eancia na Constru\u00e7\u00e3o Civil e Manuten\u00e7\u00e3o de Hot\u00e9is de Luxo Com uma trajet\u00f3ria consolidada ao longo de mais de 20 anos na Su\u00ed\u00e7a e Portugal, V\u00edtor Santos Recto \u00e9 um nome de refer\u00eancia no setor da Constru\u00e7\u00e3o Civil, trazendo consigo um legado de sofistica\u00e7\u00e3o, inova\u00e7\u00e3o e excel\u00eancia. Como s\u00f3cio de prestigiadas [&hellip;]<\/p>\n","protected":false},"author":4,"featured_media":0,"parent":311,"menu_order":6,"comment_status":"closed","ping_status":"closed","template":"","meta":{"_seopress_robots_primary_cat":"","_seopress_titles_title":"","_seopress_titles_desc":"","_seopress_robots_index":"","footnotes":""},"class_list":["post-327","page","type-page","status-publish","hentry"],"_links":{"self":[{"href":"https:\/\/groupvsr.dev.loudzap.com\/en\/wp-json\/wp\/v2\/pages\/327","targetHints":{"allow":["GET"]}}],"collection":[{"href":"https:\/\/groupvsr.dev.loudzap.com\/en\/wp-json\/wp\/v2\/pages"}],"about":[{"href":"https:\/\/groupvsr.dev.loudzap.com\/en\/wp-json\/wp\/v2\/types\/page"}],"author":[{"embeddable":true,"href":"https:\/\/groupvsr.dev.loudzap.com\/en\/wp-json\/wp\/v2\/users\/4"}],"replies":[{"embeddable":true,"href":"https:\/\/groupvsr.dev.loudzap.com\/en\/wp-json\/wp\/v2\/comments?post=327"}],"version-history":[{"count":13,"href":"https:\/\/groupvsr.dev.loudzap.com\/en\/wp-json\/wp\/v2\/pages\/327\/revisions"}],"predecessor-version":[{"id":744,"href":"https:\/\/groupvsr.dev.loudzap.com\/en\/wp-json\/wp\/v2\/pages\/327\/revisions\/744"}],"up":[{"embeddable":true,"href":"https:\/\/groupvsr.dev.loudzap.com\/en\/wp-json\/wp\/v2\/pages\/311"}],"wp:attachment":[{"href":"https:\/\/groupvsr.dev.loudzap.com\/en\/wp-json\/wp\/v2\/media?parent=327"}],"curies":[{"name":"wp","href":"https:\/\/api.w.org\/{rel}","templated":true}]}}