{"id":319,"date":"2025-03-04T10:08:51","date_gmt":"2025-03-04T10:08:51","guid":{"rendered":"https:\/\/groupvsr.dev.loudzap.com\/?page_id=319"},"modified":"2025-03-10T10:47:47","modified_gmt":"2025-03-10T10:47:47","slug":"paulo-cirne","status":"publish","type":"page","link":"https:\/\/groupvsr.dev.loudzap.com\/en\/a-equipa\/paulo-cirne\/","title":{"rendered":"Paulo Cirne"},"content":{"rendered":"<div data-elementor-type=\"wp-page\" data-elementor-id=\"319\" class=\"elementor elementor-319\" data-elementor-post-type=\"page\">\n\t\t\t\t<div class=\"elementor-element elementor-element-ce125ce e-flex e-con-boxed e-con e-parent\" data-id=\"ce125ce\" data-element_type=\"container\" data-e-type=\"container\" data-settings=\"{&quot;background_background&quot;:&quot;classic&quot;}\">\n\t\t\t\t\t<div class=\"e-con-inner\">\n\t\t<div class=\"elementor-element elementor-element-d68bfc6 e-con-full e-flex e-con e-child\" data-id=\"d68bfc6\" data-element_type=\"container\" data-e-type=\"container\">\n\t\t\t\t<\/div>\n\t\t\t\t\t<\/div>\n\t\t\t\t<\/div>\n\t\t<div class=\"elementor-element elementor-element-0948fcd e-flex e-con-boxed e-con e-parent\" data-id=\"0948fcd\" data-element_type=\"container\" data-e-type=\"container\">\n\t\t\t\t\t<div class=\"e-con-inner\">\n\t\t<div class=\"elementor-element elementor-element-e6e899f e-con-full e-flex e-con e-child\" data-id=\"e6e899f\" data-element_type=\"container\" data-e-type=\"container\">\n\t\t<div class=\"elementor-element elementor-element-acab9b9 e-con-full e-flex e-con e-child\" data-id=\"acab9b9\" data-element_type=\"container\" data-e-type=\"container\">\n\t\t<div class=\"elementor-element elementor-element-81c9ebb e-con-full e-flex e-con e-child\" data-id=\"81c9ebb\" data-element_type=\"container\" data-e-type=\"container\">\n\t\t\t\t<div class=\"elementor-element elementor-element-06484c7 elementor-widget elementor-widget-heading\" data-id=\"06484c7\" data-element_type=\"widget\" data-e-type=\"widget\" data-widget_type=\"heading.default\">\n\t\t\t\t<div class=\"elementor-widget-container\">\n\t\t\t\t\t<div class=\"elementor-heading-title elementor-size-default\">The Team<\/div>\t\t\t\t<\/div>\n\t\t\t\t<\/div>\n\t\t\t\t<\/div>\n\t\t\t\t<div class=\"elementor-element elementor-element-a2d89fd elementor-widget__width-initial elementor-widget elementor-widget-heading\" data-id=\"a2d89fd\" data-element_type=\"widget\" data-e-type=\"widget\" data-widget_type=\"heading.default\">\n\t\t\t\t<div class=\"elementor-widget-container\">\n\t\t\t\t\t<h2 class=\"elementor-heading-title elementor-size-default\">Architecture, Design, and Project Management with Excellence<\/h2>\t\t\t\t<\/div>\n\t\t\t\t<\/div>\n\t\t\t\t<div class=\"elementor-element elementor-element-5a3fbfc elementor-widget__width-initial elementor-widget-tablet__width-inherit elementor-widget elementor-widget-text-editor\" data-id=\"5a3fbfc\" data-element_type=\"widget\" data-e-type=\"widget\" data-widget_type=\"text-editor.default\">\n\t\t\t\t<div class=\"elementor-widget-container\">\n\t\t\t\t\t\t\t\t\t<p class=\"translation-block\">With a career defined by innovation and sophistication, <b>Architect Paulo Cirne<\/b> is a distinguished name in the world of <b>Architecture, Design, and Project Management<\/b>. Over the course of <b>more than 30 years of experience<\/b>, he has established himself as a visionary, transforming concepts into architectural masterpieces that stand the test of time.<\/p><p class=\"translation-block\">His international portfolio includes award-winning projects across various sectors, such as <b>Luxury Residential Developments, Public Facilities, Education, Corporate Offices, Port Infrastructure, and Healthcare or Hospital Buildings<\/b>, as well as urban planning interventions in multiple countries. Each project reflects a bold vision, seamlessly blending <b>functionality, refined aesthetics, and sustainable solutions<\/b>.<\/p><p class=\"translation-block\">With an approach that fuses <b>technical precision, creativity, and a keen eye on global trends<\/b>, <b>Paulo Cirne<\/b> redefines the concept of exclusivity through every design detail and material selection. His commitment to excellence ensures that each space is not just architecturally impressive but also a unique sensory experience.<\/p><p><b>For those who seek more than just architecture, but rather a legacy of sophistication and innovation, Paulo Cirne is the ultimate choice.<\/b><\/p><p>Get in touch and discover how to transform your vision into an extraordinary reality.<\/p>\t\t\t\t\t\t\t\t<\/div>\n\t\t\t\t<\/div>\n\t\t\t\t<div class=\"elementor-element elementor-element-82b41b4 elementor-tablet-align-center elementor-widget__width-inherit elementor-widget elementor-widget-button\" data-id=\"82b41b4\" data-element_type=\"widget\" data-e-type=\"widget\" data-widget_type=\"button.default\">\n\t\t\t\t<div class=\"elementor-widget-container\">\n\t\t\t\t\t\t\t\t\t<div class=\"elementor-button-wrapper\">\n\t\t\t\t\t<a class=\"elementor-button elementor-button-link elementor-size-sm\" href=\"https:\/\/groupvsr.dev.loudzap.com\/en\/contactos\/\">\n\t\t\t\t\t\t<span class=\"elementor-button-content-wrapper\">\n\t\t\t\t\t\t\t\t\t<span class=\"elementor-button-text\">Contact us<\/span>\n\t\t\t\t\t<\/span>\n\t\t\t\t\t<\/a>\n\t\t\t\t<\/div>\n\t\t\t\t\t\t\t\t<\/div>\n\t\t\t\t<\/div>\n\t\t\t\t<\/div>\n\t\t<div class=\"elementor-element elementor-element-85e4261 e-con-full e-flex e-con e-child\" data-id=\"85e4261\" data-element_type=\"container\" data-e-type=\"container\">\n\t\t\t\t<div class=\"elementor-element elementor-element-9c95894 elementor-widget__width-inherit elementor-widget elementor-widget-image\" data-id=\"9c95894\" data-element_type=\"widget\" data-e-type=\"widget\" data-widget_type=\"image.default\">\n\t\t\t\t<div class=\"elementor-widget-container\">\n\t\t\t\t\t\t\t\t\t\t\t\t\t\t\t<img fetchpriority=\"high\" decoding=\"async\" width=\"1377\" height=\"1920\" src=\"https:\/\/groupvsr.dev.loudzap.com\/wp-content\/uploads\/2025\/03\/paulo-cirne.webp\" class=\"attachment-full size-full wp-image-720\" alt=\"Paulo Cirne\" srcset=\"https:\/\/groupvsr.dev.loudzap.com\/wp-content\/uploads\/2025\/03\/paulo-cirne.webp 1377w, https:\/\/groupvsr.dev.loudzap.com\/wp-content\/uploads\/2025\/03\/paulo-cirne-800x1115.webp 800w, https:\/\/groupvsr.dev.loudzap.com\/wp-content\/uploads\/2025\/03\/paulo-cirne-1200x1673.webp 1200w, https:\/\/groupvsr.dev.loudzap.com\/wp-content\/uploads\/2025\/03\/paulo-cirne-430x600.webp 430w, https:\/\/groupvsr.dev.loudzap.com\/wp-content\/uploads\/2025\/03\/paulo-cirne-768x1071.webp 768w, https:\/\/groupvsr.dev.loudzap.com\/wp-content\/uploads\/2025\/03\/paulo-cirne-1102x1536.webp 1102w, https:\/\/groupvsr.dev.loudzap.com\/wp-content\/uploads\/2025\/03\/paulo-cirne-9x12.webp 9w\" sizes=\"(max-width: 1377px) 100vw, 1377px\" \/>\t\t\t\t\t\t\t\t\t\t\t\t\t\t\t<\/div>\n\t\t\t\t<\/div>\n\t\t\t\t<\/div>\n\t\t\t\t<\/div>\n\t\t\t\t\t<\/div>\n\t\t\t\t<\/div>\n\t\t\t\t<\/div>","protected":false},"excerpt":{"rendered":"<p>A Equipa Arquitetura, Design e Gest\u00e3o de Projetos com Excel\u00eancia Com uma trajet\u00f3ria marcada pela inova\u00e7\u00e3o e sofistica\u00e7\u00e3o, o Arquiteto Paulo Cirne \u00e9 um nome de refer\u00eancia no universo da Arquitetura, Design e Gest\u00e3o de Projetos. Ao longo de mais de 30 anos de experi\u00eancia, consolidou-se como um criador de espa\u00e7os ic\u00f4nicos, transformando conceitos em [&hellip;]<\/p>\n","protected":false},"author":4,"featured_media":0,"parent":311,"menu_order":4,"comment_status":"closed","ping_status":"closed","template":"","meta":{"_seopress_robots_primary_cat":"","_seopress_titles_title":"","_seopress_titles_desc":"","_seopress_robots_index":"","footnotes":""},"class_list":["post-319","page","type-page","status-publish","hentry"],"_links":{"self":[{"href":"https:\/\/groupvsr.dev.loudzap.com\/en\/wp-json\/wp\/v2\/pages\/319","targetHints":{"allow":["GET"]}}],"collection":[{"href":"https:\/\/groupvsr.dev.loudzap.com\/en\/wp-json\/wp\/v2\/pages"}],"about":[{"href":"https:\/\/groupvsr.dev.loudzap.com\/en\/wp-json\/wp\/v2\/types\/page"}],"author":[{"embeddable":true,"href":"https:\/\/groupvsr.dev.loudzap.com\/en\/wp-json\/wp\/v2\/users\/4"}],"replies":[{"embeddable":true,"href":"https:\/\/groupvsr.dev.loudzap.com\/en\/wp-json\/wp\/v2\/comments?post=319"}],"version-history":[{"count":7,"href":"https:\/\/groupvsr.dev.loudzap.com\/en\/wp-json\/wp\/v2\/pages\/319\/revisions"}],"predecessor-version":[{"id":738,"href":"https:\/\/groupvsr.dev.loudzap.com\/en\/wp-json\/wp\/v2\/pages\/319\/revisions\/738"}],"up":[{"embeddable":true,"href":"https:\/\/groupvsr.dev.loudzap.com\/en\/wp-json\/wp\/v2\/pages\/311"}],"wp:attachment":[{"href":"https:\/\/groupvsr.dev.loudzap.com\/en\/wp-json\/wp\/v2\/media?parent=319"}],"curies":[{"name":"wp","href":"https:\/\/api.w.org\/{rel}","templated":true}]}}