{"id":315,"date":"2025-03-04T10:08:32","date_gmt":"2025-03-04T10:08:32","guid":{"rendered":"https:\/\/groupvsr.dev.loudzap.com\/?page_id=315"},"modified":"2025-03-10T11:47:48","modified_gmt":"2025-03-10T11:47:48","slug":"consulting-finance","status":"publish","type":"page","link":"https:\/\/groupvsr.dev.loudzap.com\/en\/a-equipa\/consultoria-financeiro\/","title":{"rendered":"Consulting &amp; Finance"},"content":{"rendered":"<div data-elementor-type=\"wp-page\" data-elementor-id=\"315\" class=\"elementor elementor-315\" data-elementor-post-type=\"page\">\n\t\t\t\t<div class=\"elementor-element elementor-element-fcb90a2 e-flex e-con-boxed e-con e-parent\" data-id=\"fcb90a2\" data-element_type=\"container\" data-e-type=\"container\" data-settings=\"{&quot;background_background&quot;:&quot;classic&quot;}\">\n\t\t\t\t\t<div class=\"e-con-inner\">\n\t\t<div class=\"elementor-element elementor-element-5e18530 e-con-full e-flex e-con e-child\" data-id=\"5e18530\" data-element_type=\"container\" data-e-type=\"container\">\n\t\t\t\t<\/div>\n\t\t\t\t\t<\/div>\n\t\t\t\t<\/div>\n\t\t<div class=\"elementor-element elementor-element-500ee3e e-flex e-con-boxed e-con e-parent\" data-id=\"500ee3e\" data-element_type=\"container\" data-e-type=\"container\">\n\t\t\t\t\t<div class=\"e-con-inner\">\n\t\t<div class=\"elementor-element elementor-element-60aa0cf e-con-full e-flex e-con e-child\" data-id=\"60aa0cf\" data-element_type=\"container\" data-e-type=\"container\">\n\t\t<div class=\"elementor-element elementor-element-1ee17e5 e-con-full e-flex e-con e-child\" data-id=\"1ee17e5\" data-element_type=\"container\" data-e-type=\"container\">\n\t\t<div class=\"elementor-element elementor-element-3f27491 e-con-full e-flex e-con e-child\" data-id=\"3f27491\" data-element_type=\"container\" data-e-type=\"container\">\n\t\t\t\t<div class=\"elementor-element elementor-element-707b8ba elementor-widget elementor-widget-heading\" data-id=\"707b8ba\" data-element_type=\"widget\" data-e-type=\"widget\" data-widget_type=\"heading.default\">\n\t\t\t\t<div class=\"elementor-widget-container\">\n\t\t\t\t\t<div class=\"elementor-heading-title elementor-size-default\">The Team<\/div>\t\t\t\t<\/div>\n\t\t\t\t<\/div>\n\t\t\t\t<\/div>\n\t\t\t\t<div class=\"elementor-element elementor-element-c44afe5 elementor-widget__width-initial elementor-widget elementor-widget-heading\" data-id=\"c44afe5\" data-element_type=\"widget\" data-e-type=\"widget\" data-widget_type=\"heading.default\">\n\t\t\t\t<div class=\"elementor-widget-container\">\n\t\t\t\t\t<h2 class=\"elementor-heading-title elementor-size-default\">Excellence in Financial Analysis and Corporate Strategy<\/h2>\t\t\t\t<\/div>\n\t\t\t\t<\/div>\n\t\t\t\t<div class=\"elementor-element elementor-element-f9e0254 elementor-widget__width-initial elementor-widget-tablet__width-inherit elementor-widget elementor-widget-text-editor\" data-id=\"f9e0254\" data-element_type=\"widget\" data-e-type=\"widget\" data-widget_type=\"text-editor.default\">\n\t\t\t\t<div class=\"elementor-widget-container\">\n\t\t\t\t\t\t\t\t\t<p class=\"translation-block\">In the field of <b>Financial Analysis and Strategy<\/b>, we are proud to count on the expertise of a distinguished professional with over <b>25 years of experience in the banking sector<\/b>.Throughout his career, he has established himself as a reference in <b>financial studies and advisory for medium and large enterprises<\/b> across multiple industries, providing strategic support and innovative solutions.<\/p><p class=\"translation-block\">He has <b>developed strong expertise in Corporate Finance and Capital Markets<\/b>, becoming a key figure in <b>Investment Banking and Corporate Banking<\/b>. His technical excellence and strategic vision have earned him international recognition: in <b>2009, he was ranked first in the overall analyst ranking for the Iberian Peninsula and third in Europe<\/b> by <b>StarMine, part of the Thomson Reuters group<\/b>.<\/p><p class=\"translation-block\">With extensive experience in <b>technical advisory, financial studies, and strategic planning<\/b>, this expert delivers <b>valuable insights and tailored solutions<\/b> to optimize corporate management. His approach, marked by analytical rigor and strategic intelligence, turns financial challenges into growth and consolidation opportunities.<\/p><p><b>Trust the expertise and knowledge of an award-winning specialist to take your business to new heights of success.<\/b><\/p>\t\t\t\t\t\t\t\t<\/div>\n\t\t\t\t<\/div>\n\t\t\t\t<div class=\"elementor-element elementor-element-2db9e45 elementor-tablet-align-center elementor-widget__width-inherit elementor-widget elementor-widget-button\" data-id=\"2db9e45\" data-element_type=\"widget\" data-e-type=\"widget\" data-widget_type=\"button.default\">\n\t\t\t\t<div class=\"elementor-widget-container\">\n\t\t\t\t\t\t\t\t\t<div class=\"elementor-button-wrapper\">\n\t\t\t\t\t<a class=\"elementor-button elementor-button-link elementor-size-sm\" href=\"https:\/\/groupvsr.dev.loudzap.com\/en\/contactos\/\">\n\t\t\t\t\t\t<span class=\"elementor-button-content-wrapper\">\n\t\t\t\t\t\t\t\t\t<span class=\"elementor-button-text\">Contact us<\/span>\n\t\t\t\t\t<\/span>\n\t\t\t\t\t<\/a>\n\t\t\t\t<\/div>\n\t\t\t\t\t\t\t\t<\/div>\n\t\t\t\t<\/div>\n\t\t\t\t<\/div>\n\t\t<div class=\"elementor-element elementor-element-09fee10 e-con-full e-flex e-con e-child\" data-id=\"09fee10\" data-element_type=\"container\" data-e-type=\"container\">\n\t\t\t\t<div class=\"elementor-element elementor-element-3cccf08 elementor-widget__width-inherit elementor-widget elementor-widget-image\" data-id=\"3cccf08\" data-element_type=\"widget\" data-e-type=\"widget\" data-widget_type=\"image.default\">\n\t\t\t\t<div class=\"elementor-widget-container\">\n\t\t\t\t\t\t\t\t\t\t\t\t\t\t\t<img fetchpriority=\"high\" decoding=\"async\" width=\"1200\" height=\"675\" src=\"https:\/\/groupvsr.dev.loudzap.com\/wp-content\/uploads\/2025\/03\/engineers-planning-ambitious-project-brainstorming-PCFE8D6.webp\" class=\"attachment-full size-full wp-image-184\" alt=\"\" srcset=\"https:\/\/groupvsr.dev.loudzap.com\/wp-content\/uploads\/2025\/03\/engineers-planning-ambitious-project-brainstorming-PCFE8D6.webp 1200w, https:\/\/groupvsr.dev.loudzap.com\/wp-content\/uploads\/2025\/03\/engineers-planning-ambitious-project-brainstorming-PCFE8D6-800x450.webp 800w, https:\/\/groupvsr.dev.loudzap.com\/wp-content\/uploads\/2025\/03\/engineers-planning-ambitious-project-brainstorming-PCFE8D6-600x338.webp 600w, https:\/\/groupvsr.dev.loudzap.com\/wp-content\/uploads\/2025\/03\/engineers-planning-ambitious-project-brainstorming-PCFE8D6-768x432.webp 768w, https:\/\/groupvsr.dev.loudzap.com\/wp-content\/uploads\/2025\/03\/engineers-planning-ambitious-project-brainstorming-PCFE8D6-18x10.webp 18w\" sizes=\"(max-width: 1200px) 100vw, 1200px\" \/>\t\t\t\t\t\t\t\t\t\t\t\t\t\t\t<\/div>\n\t\t\t\t<\/div>\n\t\t\t\t<\/div>\n\t\t\t\t<\/div>\n\t\t\t\t\t<\/div>\n\t\t\t\t<\/div>\n\t\t\t\t<\/div>","protected":false},"excerpt":{"rendered":"<p>A Equipa Excel\u00eancia em An\u00e1lise Financeira e Estrat\u00e9gia Corporativa Na \u00e1rea de An\u00e1lise Financeira e Estrat\u00e9gia, contamos com a expertise de um profissional de renome com mais de 25 anos de experi\u00eancia no setor banc\u00e1rio. Com uma trajet\u00f3ria consolidada, destacou-se no estudo e assessoria a m\u00e9dias e grandes empresas em diversos setores, fornecendo suporte estrat\u00e9gico [&hellip;]<\/p>\n","protected":false},"author":4,"featured_media":0,"parent":311,"menu_order":3,"comment_status":"closed","ping_status":"closed","template":"","meta":{"_seopress_robots_primary_cat":"","_seopress_titles_title":"","_seopress_titles_desc":"","_seopress_robots_index":"","footnotes":""},"class_list":["post-315","page","type-page","status-publish","hentry"],"_links":{"self":[{"href":"https:\/\/groupvsr.dev.loudzap.com\/en\/wp-json\/wp\/v2\/pages\/315","targetHints":{"allow":["GET"]}}],"collection":[{"href":"https:\/\/groupvsr.dev.loudzap.com\/en\/wp-json\/wp\/v2\/pages"}],"about":[{"href":"https:\/\/groupvsr.dev.loudzap.com\/en\/wp-json\/wp\/v2\/types\/page"}],"author":[{"embeddable":true,"href":"https:\/\/groupvsr.dev.loudzap.com\/en\/wp-json\/wp\/v2\/users\/4"}],"replies":[{"embeddable":true,"href":"https:\/\/groupvsr.dev.loudzap.com\/en\/wp-json\/wp\/v2\/comments?post=315"}],"version-history":[{"count":14,"href":"https:\/\/groupvsr.dev.loudzap.com\/en\/wp-json\/wp\/v2\/pages\/315\/revisions"}],"predecessor-version":[{"id":766,"href":"https:\/\/groupvsr.dev.loudzap.com\/en\/wp-json\/wp\/v2\/pages\/315\/revisions\/766"}],"up":[{"embeddable":true,"href":"https:\/\/groupvsr.dev.loudzap.com\/en\/wp-json\/wp\/v2\/pages\/311"}],"wp:attachment":[{"href":"https:\/\/groupvsr.dev.loudzap.com\/en\/wp-json\/wp\/v2\/media?parent=315"}],"curies":[{"name":"wp","href":"https:\/\/api.w.org\/{rel}","templated":true}]}}